{"id":26,"date":"2011-08-08T14:20:51","date_gmt":"2011-08-08T14:20:51","guid":{"rendered":"http:\/\/nandini.bplaced.net\/wordpress\/?page_id=26"},"modified":"2025-12-30T17:41:29","modified_gmt":"2025-12-30T17:41:29","slug":"aktuelles","status":"publish","type":"page","link":"https:\/\/nandini.bplaced.net\/wordpress\/","title":{"rendered":"Namaskar und Willkommen"},"content":{"rendered":"<p>Nandini tanzt und unterrichtet die klassischen indischen T\u00e4nze<strong><a title=\"Bharatanatyam\" href=\"http:\/\/nandini.bplaced.net\/wordpress\/bharatanatyam\/\"> Bharatanatyam<\/a>, Odissi<\/strong> und <a href=\"http:\/\/nandini.bplaced.net\/wordpress\/bollywoodtanz\/\" target=\"_blank\" rel=\"noopener\"><strong>Bollywoodtanz<\/strong><\/a>. Au\u00dferdem tritt sie bei privaten und \u00f6ffentlichen Events allein und in der Gruppe auf.<br \/>Auf dieser Seite finden Sie Informationen \u00fcber die verschiedenen Tanzstile, die <a href=\"http:\/\/nandini.bplaced.net\/wordpress\/kursangebot\/\" target=\"_blank\" rel=\"noopener\"><strong>Kursangebote<\/strong><\/a> in Heidelberg und \u00fcber die <a href=\"http:\/\/nandini.bplaced.net\/wordpress\/die_taenzerin\/\" target=\"_blank\" rel=\"noopener\"><strong>T\u00e4nzerin<\/strong><\/a>.<\/p>\n<p><strong>*~**News**~*<br \/><br \/><\/strong><\/p>\n<p><span style=\"color: #993366;\"><strong>***<\/strong><\/span><strong><span style=\"color: #993366;\">Bharatanatyam-Kurs f\u00fcr Anf\u00e4nger und Fortgeschrittene***<\/span><br \/>Dienstags, 18:15 bis 19:50<br \/><span style=\"color: #993366;\">Neueinstieg f\u00fcr Anf\u00e4nger m\u00f6glich!<\/span><\/strong><br \/>Wir lernen <strong><span style=\"color: #b7017b;\">Grundschritte<\/span><\/strong>, <span style=\"color: #b7017b;\"><strong>Handgesten<\/strong><\/span> und erste <strong><span style=\"color: #b7017b;\">Choreographien <\/span><\/strong><span style=\"color: #000000;\">in unterschiedlichen Niveaus<\/span>.<br \/>F\u00fcr Probetermine gerne eine kurze Nachricht senden.<\/p>\n<p><strong><span style=\"color: #b7017b;\">Ort: Lernstudio Rohde (Sollbruch), Hebelstr. 14, 1.OG, Heidelberg<\/span><\/strong><strong><br \/><\/strong><\/p>\n<p>Sie haben noch Fragen zu Kursen und Workshops? M\u00f6chten Sie ein Event durch indischen Tanz oder Bollywoodtanz bereichern? Dann wenden Sie sich doch einfach per mail an <strong><span style=\"color: #b7017b;\">nandini_sl[a]gmx.de<\/span><\/strong> oder rufen Sie an unter <strong><span style=\"color: #b7017b;\">0176\/61009309<\/span><\/strong>!<\/p>\n<p style=\"text-align: center;\"><a href=\"http:\/\/nandini.bplaced.net\/wordpress\/wp-content\/uploads\/2011\/08\/Sandra-296.jpg\"><img loading=\"lazy\" decoding=\"async\" class=\"aligncenter size-full wp-image-280\" src=\"http:\/\/nandini.bplaced.net\/wordpress\/wp-content\/uploads\/2011\/08\/Sandra-296.jpg\" alt=\"Krishna-Choreographie\" width=\"532\" height=\"800\" srcset=\"https:\/\/nandini.bplaced.net\/wordpress\/wp-content\/uploads\/2011\/08\/Sandra-296.jpg 532w, https:\/\/nandini.bplaced.net\/wordpress\/wp-content\/uploads\/2011\/08\/Sandra-296-199x300.jpg 199w\" sizes=\"auto, (max-width: 532px) 100vw, 532px\" \/><\/a><\/p>\n\n\n<p><\/p>\n","protected":false},"excerpt":{"rendered":"<p>Nandini tanzt und unterrichtet die klassischen indischen T\u00e4nze Bharatanatyam, Odissi und Bollywoodtanz. Au\u00dferdem tritt sie bei privaten und \u00f6ffentlichen Events allein und in der Gruppe auf.Auf dieser Seite finden Sie Informationen \u00fcber die verschiedenen Tanzstile, die Kursangebote in Heidelberg und \u00fcber die T\u00e4nzerin. *~**News**~* ***Bharatanatyam-Kurs f\u00fcr Anf\u00e4nger und Fortgeschrittene***Dienstags, 18:15 bis 19:50Neueinstieg f\u00fcr Anf\u00e4nger m\u00f6glich!Wir [&hellip;]<\/p>\n","protected":false},"author":1,"featured_media":0,"parent":0,"menu_order":0,"comment_status":"open","ping_status":"open","template":"","meta":{"footnotes":""},"class_list":["post-26","page","type-page","status-publish","hentry"],"_links":{"self":[{"href":"https:\/\/nandini.bplaced.net\/wordpress\/wp-json\/wp\/v2\/pages\/26","targetHints":{"allow":["GET"]}}],"collection":[{"href":"https:\/\/nandini.bplaced.net\/wordpress\/wp-json\/wp\/v2\/pages"}],"about":[{"href":"https:\/\/nandini.bplaced.net\/wordpress\/wp-json\/wp\/v2\/types\/page"}],"author":[{"embeddable":true,"href":"https:\/\/nandini.bplaced.net\/wordpress\/wp-json\/wp\/v2\/users\/1"}],"replies":[{"embeddable":true,"href":"https:\/\/nandini.bplaced.net\/wordpress\/wp-json\/wp\/v2\/comments?post=26"}],"version-history":[{"count":141,"href":"https:\/\/nandini.bplaced.net\/wordpress\/wp-json\/wp\/v2\/pages\/26\/revisions"}],"predecessor-version":[{"id":535,"href":"https:\/\/nandini.bplaced.net\/wordpress\/wp-json\/wp\/v2\/pages\/26\/revisions\/535"}],"wp:attachment":[{"href":"https:\/\/nandini.bplaced.net\/wordpress\/wp-json\/wp\/v2\/media?parent=26"}],"curies":[{"name":"wp","href":"https:\/\/api.w.org\/{rel}","templated":true}]}}