{"id":69,"date":"2012-07-02T19:34:40","date_gmt":"2012-07-02T19:34:40","guid":{"rendered":"http:\/\/nandini.bplaced.net\/wordpress\/?page_id=69"},"modified":"2016-09-05T09:56:13","modified_gmt":"2016-09-05T09:56:13","slug":"bollywoodtanz","status":"publish","type":"page","link":"https:\/\/nandini.bplaced.net\/wordpress\/bollywoodtanz\/","title":{"rendered":"Bollywoodtanz"},"content":{"rendered":"<p><strong>Bollywoodtanz<\/strong><\/p>\n<p>Tanzszenen sind f\u00fcr indische Filme ein Mu\u00df. Sie werden in Bollywoodfilmen als Stilmittel genutzt, um das Gef\u00fchl eines oder mehrerer Protagonisten zu verdeutlichen und zu unterstreichen.<br \/>\nF\u00fcr diese farbenfrohen und lebenslustigen T\u00e4nze bedienen sich Bollywoods Choreographen s\u00e4mtlicher Tanzstile, die es gibt. Je nach Thema und Umgebung der Tanzszene werden z.B. Video-Clip Dance, orientalischer Tanz oder aber Flamenco miteinbezogen.<br \/>\nDabei spielen indische Tanztraditionen nat\u00fcrlich eine wichtige Rolle. Besonders aus folkloristischen T\u00e4nzen wie Bhangra werden Elemente in den Filmtanz integriert, aber man bedient sich auch klassischer Bewegungen wie aus dem nordindischen Kathak, usw.<br \/>\nIn Choreographien mit stark ausgepr\u00e4gten Einfl\u00fcssen indischer T\u00e4nze werden meist die Inhalte des Textes &#8211; wie auch in folkloristischen und klassischen Stilen &#8211; anhand von Handgesten (Mudras) dargestellt. Bollywoodtanz ist sehr lebhaft und vielseitig. Neben der Freude am Tanzen sind Verbesserung von Kondition und Flexibilit\u00e4t ein willkommener Effekt.<\/p>\n<p>Nandini bietet in Heidelberg und Umgebung Kurse und Workshops im Bollywoodtanz an. Mehr Informationen<a href=\"http:\/\/nandini.bplaced.net\/wordpress\/kursangebot\/\" target=\"_blank\"><strong> hier!<br \/>\n<\/strong><\/a><\/p>\n<p><strong><a href=\"http:\/\/nandini.bplaced.net\/wordpress\/wp-content\/uploads\/2012\/07\/Bollywoodgroup-e1473069206341.jpg\"><img loading=\"lazy\" decoding=\"async\" class=\"aligncenter size-full wp-image-299\" alt=\"Bollywood Tanzgruppe\" src=\"http:\/\/nandini.bplaced.net\/wordpress\/wp-content\/uploads\/2012\/07\/Bollywoodgroup-e1473069206341.jpg\" width=\"304\" height=\"450\" \/><\/a><\/strong><strong><\/strong><\/p>\n<p><a href=\"http:\/\/nandini.bplaced.net\/wordpress\/wp-content\/uploads\/2012\/07\/bolly_flyer_beab_sepia3-e1440012657906.jpg\"><img loading=\"lazy\" decoding=\"async\" id=\"wp_delimgbtn\" title=\"Bild l\u00f6schen\" alt=\"\" src=\"http:\/\/nandini.bplaced.net\/wordpress\/wp-includes\/js\/tinymce\/plugins\/wpeditimage\/img\/delete.png\" width=\"24\" height=\"24\" \/><\/a><\/p>\n","protected":false},"excerpt":{"rendered":"<p>Bollywoodtanz Tanzszenen sind f\u00fcr indische Filme ein Mu\u00df. Sie werden in Bollywoodfilmen als Stilmittel genutzt, um das Gef\u00fchl eines oder mehrerer Protagonisten zu verdeutlichen und zu unterstreichen. F\u00fcr diese farbenfrohen und lebenslustigen T\u00e4nze bedienen sich Bollywoods Choreographen s\u00e4mtlicher Tanzstile, die es gibt. Je nach Thema und Umgebung der Tanzszene werden z.B. Video-Clip Dance, orientalischer Tanz [&hellip;]<\/p>\n","protected":false},"author":1,"featured_media":0,"parent":0,"menu_order":0,"comment_status":"open","ping_status":"open","template":"","meta":{"footnotes":""},"class_list":["post-69","page","type-page","status-publish","hentry"],"_links":{"self":[{"href":"https:\/\/nandini.bplaced.net\/wordpress\/wp-json\/wp\/v2\/pages\/69","targetHints":{"allow":["GET"]}}],"collection":[{"href":"https:\/\/nandini.bplaced.net\/wordpress\/wp-json\/wp\/v2\/pages"}],"about":[{"href":"https:\/\/nandini.bplaced.net\/wordpress\/wp-json\/wp\/v2\/types\/page"}],"author":[{"embeddable":true,"href":"https:\/\/nandini.bplaced.net\/wordpress\/wp-json\/wp\/v2\/users\/1"}],"replies":[{"embeddable":true,"href":"https:\/\/nandini.bplaced.net\/wordpress\/wp-json\/wp\/v2\/comments?post=69"}],"version-history":[{"count":16,"href":"https:\/\/nandini.bplaced.net\/wordpress\/wp-json\/wp\/v2\/pages\/69\/revisions"}],"predecessor-version":[{"id":301,"href":"https:\/\/nandini.bplaced.net\/wordpress\/wp-json\/wp\/v2\/pages\/69\/revisions\/301"}],"wp:attachment":[{"href":"https:\/\/nandini.bplaced.net\/wordpress\/wp-json\/wp\/v2\/media?parent=69"}],"curies":[{"name":"wp","href":"https:\/\/api.w.org\/{rel}","templated":true}]}}