{"id":74,"date":"2012-07-03T19:42:29","date_gmt":"2012-07-03T19:42:29","guid":{"rendered":"http:\/\/nandini.bplaced.net\/wordpress\/?page_id=74"},"modified":"2025-09-09T20:59:19","modified_gmt":"2025-09-09T20:59:19","slug":"kursangebot","status":"publish","type":"page","link":"https:\/\/nandini.bplaced.net\/wordpress\/kursangebot\/","title":{"rendered":"Kursangebot"},"content":{"rendered":"<p>Ob beim Tanzen die Freude an Bewegung im Vordergrund steht oder man sich mit indischer Kultur besch\u00e4ftigen m\u00f6chte &#8211; Bharatanatyam bietet all das und noch viel mehr! Im Unterricht geht Nandini einf\u00fchlsam und individuell auf die Bed\u00fcrfnisse der verschiedenen Sch\u00fcler*innen ein.<\/p>\n<p><strong><span style=\"color: #800080;\">***Workshop Odissi-Stepping f\u00fcr Anf\u00e4nger und Fortgeschrittene***<\/span><br \/>\nSonntag, 12.10.25 , 13:00 &#8211; 16:00 (Alte Eppelheimer Str. 41, Heidelberg)<br \/>\n<\/strong>Mit Rewati und Nandini<br \/>\nLearn basic steps of Purnanga School of Odissi and enjoy this beautiful dance traditions!<br \/>\nIn collaboration with KITD Verein &#8211; members receive a discount in fees<strong><br \/>\n<span style=\"color: #993366;\">For registration and inquiries please contact: nandini_sl@gmx.de<\/span><\/strong><\/p>\n<p><span style=\"text-decoration: underline; color: #800080;\"><strong>***Regul\u00e4re Tanzkurse***<\/strong><\/span><\/p>\n<p><strong><span style=\"color: #ff00ff;\"><span style=\"color: #800080;\">*~*Bharatanatyam f\u00fcr Anf\u00e4nger und Fortgeschrittene*~*<\/span><br \/>\n<\/span><\/strong><strong><span style=\"color: #333333;\">Dienstags, 18:15 bis 19:50<\/span><br \/>\n<\/strong>Wir lernen <strong><span style=\"color: #800080;\">Grundschritte<\/span>, <span style=\"color: #800080;\">Handgesten<\/span><\/strong> und <strong><span style=\"color: #800080;\">Choreographien<\/span><\/strong> in unterschiedlichen Schwierigkeitsgraden.<\/p>\n<p><span style=\"font-size: inherit;\">T\u00e4nzerische Vorkenntnisse in Bharatanatyam oder anderen Tanzstilen sind w\u00fcnschenswert, aber nicht Bedingung. Teilnahme im Rahmen einer Imago-Vereinsmitgliedschaft, Probetrainings sind m\u00f6glich.<\/span><span style=\"font-size: inherit;\"><br \/>\n<\/span><\/p>\n<p><strong>Im Lernstudio Rohde (Sollbruch), Hebelstr. 14, 1. OG, Heidelberg (erreichbar mit Linie 26, Haltestelle Rudolph-Diesel-Stra\u00dfe)<br \/>\n<\/strong><\/p>\n<div><strong>Weitere Informationen k\u00f6nnen erfragt werden unter nandini_sl[a]gmx.de oder telefonisch bei 0176\/61009309<\/strong><\/div>\n","protected":false},"excerpt":{"rendered":"<p>Ob beim Tanzen die Freude an Bewegung im Vordergrund steht oder man sich mit indischer Kultur besch\u00e4ftigen m\u00f6chte &#8211; Bharatanatyam bietet all das und noch viel mehr! Im Unterricht geht Nandini einf\u00fchlsam und individuell auf die Bed\u00fcrfnisse der verschiedenen Sch\u00fcler*innen ein. ***Workshop Odissi-Stepping f\u00fcr Anf\u00e4nger und Fortgeschrittene*** Sonntag, 12.10.25 , 13:00 &#8211; 16:00 (Alte Eppelheimer [&hellip;]<\/p>\n","protected":false},"author":1,"featured_media":0,"parent":0,"menu_order":0,"comment_status":"open","ping_status":"open","template":"","meta":{"footnotes":""},"class_list":["post-74","page","type-page","status-publish","hentry"],"_links":{"self":[{"href":"https:\/\/nandini.bplaced.net\/wordpress\/wp-json\/wp\/v2\/pages\/74","targetHints":{"allow":["GET"]}}],"collection":[{"href":"https:\/\/nandini.bplaced.net\/wordpress\/wp-json\/wp\/v2\/pages"}],"about":[{"href":"https:\/\/nandini.bplaced.net\/wordpress\/wp-json\/wp\/v2\/types\/page"}],"author":[{"embeddable":true,"href":"https:\/\/nandini.bplaced.net\/wordpress\/wp-json\/wp\/v2\/users\/1"}],"replies":[{"embeddable":true,"href":"https:\/\/nandini.bplaced.net\/wordpress\/wp-json\/wp\/v2\/comments?post=74"}],"version-history":[{"count":117,"href":"https:\/\/nandini.bplaced.net\/wordpress\/wp-json\/wp\/v2\/pages\/74\/revisions"}],"predecessor-version":[{"id":525,"href":"https:\/\/nandini.bplaced.net\/wordpress\/wp-json\/wp\/v2\/pages\/74\/revisions\/525"}],"wp:attachment":[{"href":"https:\/\/nandini.bplaced.net\/wordpress\/wp-json\/wp\/v2\/media?parent=74"}],"curies":[{"name":"wp","href":"https:\/\/api.w.org\/{rel}","templated":true}]}}